{"id":565,"date":"2024-02-09T10:51:12","date_gmt":"2024-02-09T10:51:12","guid":{"rendered":"https:\/\/startersites.io\/elementor\/smile-dent\/?page_id=565"},"modified":"2025-09-17T18:24:32","modified_gmt":"2025-09-17T18:24:32","slug":"soda-wieliczka-wyimana-nabojow-co2","status":"publish","type":"page","link":"https:\/\/soda-wieliczka.pl\/","title":{"rendered":"Strona g\u0142\u00f3wna"},"content":{"rendered":"\t\t<div data-elementor-type=\"wp-page\" data-elementor-id=\"565\" class=\"elementor elementor-565\">\n\t\t\t\t<div class=\"elementor-element elementor-element-94880d6 e-flex e-con-boxed e-con e-parent\" data-id=\"94880d6\" data-element_type=\"container\" data-e-type=\"container\">\n\t\t\t\t\t<div class=\"e-con-inner\">\n\t\t<div class=\"elementor-element elementor-element-22d4f45 e-flex e-con-boxed e-con e-child\" data-id=\"22d4f45\" data-element_type=\"container\" data-e-type=\"container\" data-settings=\"{&quot;background_background&quot;:&quot;classic&quot;}\">\n\t\t\t\t\t<div class=\"e-con-inner\">\n\t\t<div class=\"elementor-element elementor-element-db8d53a e-con-full e-flex e-con e-child\" data-id=\"db8d53a\" data-element_type=\"container\" data-e-type=\"container\">\n\t\t\t\t<div class=\"elementor-element elementor-element-e68bb67 elementor-widget elementor-widget-heading\" data-id=\"e68bb67\" data-element_type=\"widget\" data-e-type=\"widget\" data-widget_type=\"heading.default\">\n\t\t\t\t\t<h2 class=\"elementor-heading-title elementor-size-default\">Wymiana naboj\u00f3w SodaStream CO\u2082<\/h2>\t\t\t\t<\/div>\n\t\t\t\t<div class=\"elementor-element elementor-element-0693237 elementor-widget elementor-widget-text-editor\" data-id=\"0693237\" data-element_type=\"widget\" data-e-type=\"widget\" data-widget_type=\"text-editor.default\">\n\t\t\t\t\t\t\t\t\t<p>U nas wymienisz <strong>r\u00f3\u017cowe<\/strong> i <strong>niebieskie<\/strong> naboje CO\u2082 do\u00a0saturator\u00f3w\u00a0wody firmy SodaStream.<\/p>\t\t\t\t\t\t\t\t<\/div>\n\t\t\t\t<div class=\"elementor-element elementor-element-db36b5d elementor-widget elementor-widget-text-editor\" data-id=\"db36b5d\" data-element_type=\"widget\" data-e-type=\"widget\" id=\"adres\" data-widget_type=\"text-editor.default\">\n\t\t\t\t\t\t\t\t\t<p><span style=\"text-decoration: underline;\">Adres:<\/span><strong><br \/>SDH Kinga<\/strong> (parter)<br \/>Punkt dorabiania kluczy<br \/>ul. Powstania Warszawskiego 12<br \/>32-020 Wieliczka<br \/><a href=\"https:\/\/maps.app.goo.gl\/WFNZzJoUzgEhRkQE6\" target=\"_blank\" rel=\"noopener\">Google Maps \u2192<\/a><\/p><p><span style=\"text-decoration: underline;\">Godziny otwarcia:<\/span><br \/>Pon. \u2013 Pt. <strong>8:30 \u2013 17:00<br \/><\/strong>Sob. <strong>9:00 \u2013 13:00<\/strong><\/p><p>Tel. 535 80 80 70<br \/>E-mail: <a href=\"mailto:express.wieliczka@gmail.com\" target=\"_blank\" rel=\"noopener\">express.wieliczka@gmail.com<\/a><\/p>\t\t\t\t\t\t\t\t<\/div>\n\t\t\t\t<\/div>\n\t\t<div class=\"elementor-element elementor-element-2921719 e-con-full e-flex e-con e-child\" data-id=\"2921719\" data-element_type=\"container\" data-e-type=\"container\">\n\t\t\t\t<div class=\"elementor-element elementor-element-6053556 elementor-widget elementor-widget-image\" data-id=\"6053556\" data-element_type=\"widget\" data-e-type=\"widget\" data-widget_type=\"image.default\">\n\t\t\t\t\t\t\t\t\t\t\t\t\t\t\t<img fetchpriority=\"high\" decoding=\"async\" width=\"825\" height=\"824\" src=\"https:\/\/soda-wieliczka.pl\/wp-content\/uploads\/2025\/09\/sodastream.png\" class=\"attachment-large size-large wp-image-1475\" alt=\"\" srcset=\"https:\/\/soda-wieliczka.pl\/wp-content\/uploads\/2025\/09\/sodastream.png 825w, https:\/\/soda-wieliczka.pl\/wp-content\/uploads\/2025\/09\/sodastream-300x300.png 300w, https:\/\/soda-wieliczka.pl\/wp-content\/uploads\/2025\/09\/sodastream-150x150.png 150w, https:\/\/soda-wieliczka.pl\/wp-content\/uploads\/2025\/09\/sodastream-768x767.png 768w\" sizes=\"(max-width: 825px) 100vw, 825px\" \/>\t\t\t\t\t\t\t\t\t\t\t\t\t\t\t<\/div>\n\t\t\t\t<\/div>\n\t\t\t\t\t<\/div>\n\t\t\t\t<\/div>\n\t\t<div class=\"elementor-element elementor-element-a39010e e-grid e-con-full e-con e-child\" data-id=\"a39010e\" data-element_type=\"container\" data-e-type=\"container\" data-settings=\"{&quot;background_background&quot;:&quot;classic&quot;}\">\n\t\t\t\t<div class=\"elementor-element elementor-element-565a7fb elementor-widget__width-inherit elementor-widget elementor-widget-google_maps\" data-id=\"565a7fb\" data-element_type=\"widget\" data-e-type=\"widget\" data-widget_type=\"google_maps.default\">\n\t\t\t\t\t\t\t<div class=\"elementor-custom-embed\">\n\t\t\t<iframe loading=\"lazy\"\n\t\t\t\t\tsrc=\"https:\/\/maps.google.com\/maps?q=Express%20Wieliczka%2C%20Wieliczka&#038;t=m&#038;z=17&#038;output=embed&#038;iwloc=near\"\n\t\t\t\t\ttitle=\"Express Wieliczka, Wieliczka\"\n\t\t\t\t\taria-label=\"Express Wieliczka, Wieliczka\"\n\t\t\t><\/iframe>\n\t\t<\/div>\n\t\t\t\t\t\t<\/div>\n\t\t\t\t<\/div>\n\t\t\t\t\t<\/div>\n\t\t\t\t<\/div>\n\t\t\t\t<\/div>\n\t\t","protected":false},"excerpt":{"rendered":"<p>Wymiana naboj\u00f3w SodaStream CO\u2082 U nas wymienisz r\u00f3\u017cowe i niebieskie naboje CO\u2082 do\u00a0saturator\u00f3w\u00a0wody firmy SodaStream. Adres:SDH Kinga (parter)Punkt dorabiania kluczyul. Powstania Warszawskiego 1232-020 WieliczkaGoogle Maps \u2192 Godziny otwarcia:Pon. \u2013 Pt. 8:30 \u2013 17:00Sob. 9:00 \u2013 13:00 Tel. 535 80 80 70E-mail: express.wieliczka@gmail.com<\/p>\n","protected":false},"author":1,"featured_media":0,"parent":0,"menu_order":0,"comment_status":"closed","ping_status":"closed","template":"","meta":{"footnotes":""},"class_list":["post-565","page","type-page","status-publish","hentry"],"blocksy_meta":{"has_hero_section":"disabled","vertical_spacing_source":"custom","content_area_spacing":"none","styles_descriptor":{"styles":{"desktop":"","tablet":"","mobile":""},"google_fonts":[],"version":6}},"yoast_head":"<!-- This site is optimized with the Yoast SEO plugin v27.6 - https:\/\/yoast.com\/product\/yoast-seo-wordpress\/ -->\n<title>Strona g\u0142\u00f3wna - Wymiana naboj&oacute;w SodaStream CO2 &ndash; r&oacute;\u017cowe i niebieskie naboje CO2<\/title>\n<meta name=\"description\" content=\"Wymiana r\u00f3\u017cowych i niebieskich naboj\u00f3w CO2 do saturator\u00f3w wody firmy SodaStream. SDH Kinga, ul. Powstania Warszawskiego 12, 32-030 Warszawa.\" \/>\n<meta name=\"robots\" content=\"index, follow, max-snippet:-1, max-image-preview:large, max-video-preview:-1\" \/>\n<link rel=\"canonical\" href=\"https:\/\/soda-wieliczka.pl\/\" \/>\n<meta property=\"og:locale\" content=\"pl_PL\" \/>\n<meta property=\"og:type\" content=\"article\" \/>\n<meta property=\"og:title\" content=\"Strona g\u0142\u00f3wna - Wymiana naboj&oacute;w SodaStream CO2 &ndash; r&oacute;\u017cowe i niebieskie naboje CO2\" \/>\n<meta property=\"og:description\" content=\"Wymiana r\u00f3\u017cowych i niebieskich naboj\u00f3w CO2 do saturator\u00f3w wody firmy SodaStream. SDH Kinga, ul. Powstania Warszawskiego 12, 32-030 Warszawa.\" \/>\n<meta property=\"og:url\" content=\"https:\/\/soda-wieliczka.pl\/\" \/>\n<meta property=\"og:site_name\" content=\"Wymiana naboj&oacute;w SodaStream CO2 &ndash; r&oacute;\u017cowe i niebieskie naboje CO2\" \/>\n<meta property=\"article:modified_time\" content=\"2025-09-17T18:24:32+00:00\" \/>\n<meta property=\"og:image\" content=\"https:\/\/soda-wieliczka.pl\/wp-content\/uploads\/2025\/09\/soda-wieliczka-yoast-1200x675-1.jpg\" \/>\n\t<meta property=\"og:image:width\" content=\"1201\" \/>\n\t<meta property=\"og:image:height\" content=\"675\" \/>\n\t<meta property=\"og:image:type\" content=\"image\/jpeg\" \/>\n<meta name=\"twitter:card\" content=\"summary_large_image\" \/>\n<meta name=\"twitter:image\" content=\"https:\/\/soda-wieliczka.pl\/wp-content\/uploads\/2025\/09\/soda-wieliczka-yoast-1200x675-1.jpg\" \/>\n<meta name=\"twitter:label1\" content=\"Szacowany czas czytania\" \/>\n\t<meta name=\"twitter:data1\" content=\"1 minuta\" \/>\n<script type=\"application\/ld+json\" class=\"yoast-schema-graph\">{\"@context\":\"https:\\\/\\\/schema.org\",\"@graph\":[{\"@type\":\"WebPage\",\"@id\":\"https:\\\/\\\/soda-wieliczka.pl\\\/\",\"url\":\"https:\\\/\\\/soda-wieliczka.pl\\\/\",\"name\":\"Strona g\u0142\u00f3wna - Wymiana naboj&oacute;w SodaStream CO2 &ndash; r&oacute;\u017cowe i niebieskie naboje CO2\",\"isPartOf\":{\"@id\":\"https:\\\/\\\/soda-wieliczka.pl\\\/#website\"},\"primaryImageOfPage\":{\"@id\":\"https:\\\/\\\/soda-wieliczka.pl\\\/#primaryimage\"},\"image\":{\"@id\":\"https:\\\/\\\/soda-wieliczka.pl\\\/#primaryimage\"},\"thumbnailUrl\":\"https:\\\/\\\/soda-wieliczka.pl\\\/wp-content\\\/uploads\\\/2025\\\/09\\\/sodastream.png\",\"datePublished\":\"2024-02-09T10:51:12+00:00\",\"dateModified\":\"2025-09-17T18:24:32+00:00\",\"description\":\"Wymiana r\u00f3\u017cowych i niebieskich naboj\u00f3w CO2 do saturator\u00f3w wody firmy SodaStream. SDH Kinga, ul. Powstania Warszawskiego 12, 32-030 Warszawa.\",\"breadcrumb\":{\"@id\":\"https:\\\/\\\/soda-wieliczka.pl\\\/#breadcrumb\"},\"inLanguage\":\"pl-PL\",\"potentialAction\":[{\"@type\":\"ReadAction\",\"target\":[\"https:\\\/\\\/soda-wieliczka.pl\\\/\"]}]},{\"@type\":\"ImageObject\",\"inLanguage\":\"pl-PL\",\"@id\":\"https:\\\/\\\/soda-wieliczka.pl\\\/#primaryimage\",\"url\":\"https:\\\/\\\/soda-wieliczka.pl\\\/wp-content\\\/uploads\\\/2025\\\/09\\\/sodastream.png\",\"contentUrl\":\"https:\\\/\\\/soda-wieliczka.pl\\\/wp-content\\\/uploads\\\/2025\\\/09\\\/sodastream.png\",\"width\":825,\"height\":824},{\"@type\":\"BreadcrumbList\",\"@id\":\"https:\\\/\\\/soda-wieliczka.pl\\\/#breadcrumb\",\"itemListElement\":[{\"@type\":\"ListItem\",\"position\":1,\"name\":\"Strona g\u0142\u00f3wna\",\"item\":\"https:\\\/\\\/soda-wieliczka.pl\\\/\"},{\"@type\":\"ListItem\",\"position\":2,\"name\":\"Strona g\u0142\u00f3wna\"}]},{\"@type\":\"WebSite\",\"@id\":\"https:\\\/\\\/soda-wieliczka.pl\\\/#website\",\"url\":\"https:\\\/\\\/soda-wieliczka.pl\\\/\",\"name\":\"Wymiana naboj\u00f3w SodaStream CO2 \u2013 r\u00f3\u017cowe i niebieskie naboje CO2\",\"description\":\"Wymiana naboj&oacute;w SodaStream CO2 &ndash; r&oacute;\u017cowe i niebieskie naboje do saturator&oacute;w firmy SodaStream\",\"publisher\":{\"@id\":\"https:\\\/\\\/soda-wieliczka.pl\\\/#organization\"},\"alternateName\":\"Soda Wieliczka - wymiana naboj\u00f3w CO2\",\"potentialAction\":[{\"@type\":\"SearchAction\",\"target\":{\"@type\":\"EntryPoint\",\"urlTemplate\":\"https:\\\/\\\/soda-wieliczka.pl\\\/?s={search_term_string}\"},\"query-input\":{\"@type\":\"PropertyValueSpecification\",\"valueRequired\":true,\"valueName\":\"search_term_string\"}}],\"inLanguage\":\"pl-PL\"},{\"@type\":\"Organization\",\"@id\":\"https:\\\/\\\/soda-wieliczka.pl\\\/#organization\",\"name\":\"Wymiana naboj\u00f3w SodaStream CO2 \u2013 r\u00f3\u017cowe i niebieskie naboje CO2\",\"alternateName\":\"Soda Wieliczka - wymiana naboj\u00f3w CO2\",\"url\":\"https:\\\/\\\/soda-wieliczka.pl\\\/\",\"logo\":{\"@type\":\"ImageObject\",\"inLanguage\":\"pl-PL\",\"@id\":\"https:\\\/\\\/soda-wieliczka.pl\\\/#\\\/schema\\\/logo\\\/image\\\/\",\"url\":\"https:\\\/\\\/soda-wieliczka.pl\\\/wp-content\\\/uploads\\\/2025\\\/09\\\/soda-wieliczka-blue.svg\",\"contentUrl\":\"https:\\\/\\\/soda-wieliczka.pl\\\/wp-content\\\/uploads\\\/2025\\\/09\\\/soda-wieliczka-blue.svg\",\"width\":288,\"height\":33,\"caption\":\"Wymiana naboj\u00f3w SodaStream CO2 \u2013 r\u00f3\u017cowe i niebieskie naboje CO2\"},\"image\":{\"@id\":\"https:\\\/\\\/soda-wieliczka.pl\\\/#\\\/schema\\\/logo\\\/image\\\/\"}}]}<\/script>\n<!-- \/ Yoast SEO plugin. -->","yoast_head_json":{"title":"Strona g\u0142\u00f3wna - Wymiana naboj&oacute;w SodaStream CO2 &ndash; r&oacute;\u017cowe i niebieskie naboje CO2","description":"Wymiana r\u00f3\u017cowych i niebieskich naboj\u00f3w CO2 do saturator\u00f3w wody firmy SodaStream. SDH Kinga, ul. Powstania Warszawskiego 12, 32-030 Warszawa.","robots":{"index":"index","follow":"follow","max-snippet":"max-snippet:-1","max-image-preview":"max-image-preview:large","max-video-preview":"max-video-preview:-1"},"canonical":"https:\/\/soda-wieliczka.pl\/","og_locale":"pl_PL","og_type":"article","og_title":"Strona g\u0142\u00f3wna - Wymiana naboj&oacute;w SodaStream CO2 &ndash; r&oacute;\u017cowe i niebieskie naboje CO2","og_description":"Wymiana r\u00f3\u017cowych i niebieskich naboj\u00f3w CO2 do saturator\u00f3w wody firmy SodaStream. SDH Kinga, ul. Powstania Warszawskiego 12, 32-030 Warszawa.","og_url":"https:\/\/soda-wieliczka.pl\/","og_site_name":"Wymiana naboj&oacute;w SodaStream CO2 &ndash; r&oacute;\u017cowe i niebieskie naboje CO2","article_modified_time":"2025-09-17T18:24:32+00:00","og_image":[{"width":1201,"height":675,"url":"https:\/\/soda-wieliczka.pl\/wp-content\/uploads\/2025\/09\/soda-wieliczka-yoast-1200x675-1.jpg","type":"image\/jpeg"}],"twitter_card":"summary_large_image","twitter_image":"https:\/\/soda-wieliczka.pl\/wp-content\/uploads\/2025\/09\/soda-wieliczka-yoast-1200x675-1.jpg","twitter_misc":{"Szacowany czas czytania":"1 minuta"},"schema":{"@context":"https:\/\/schema.org","@graph":[{"@type":"WebPage","@id":"https:\/\/soda-wieliczka.pl\/","url":"https:\/\/soda-wieliczka.pl\/","name":"Strona g\u0142\u00f3wna - Wymiana naboj&oacute;w SodaStream CO2 &ndash; r&oacute;\u017cowe i niebieskie naboje CO2","isPartOf":{"@id":"https:\/\/soda-wieliczka.pl\/#website"},"primaryImageOfPage":{"@id":"https:\/\/soda-wieliczka.pl\/#primaryimage"},"image":{"@id":"https:\/\/soda-wieliczka.pl\/#primaryimage"},"thumbnailUrl":"https:\/\/soda-wieliczka.pl\/wp-content\/uploads\/2025\/09\/sodastream.png","datePublished":"2024-02-09T10:51:12+00:00","dateModified":"2025-09-17T18:24:32+00:00","description":"Wymiana r\u00f3\u017cowych i niebieskich naboj\u00f3w CO2 do saturator\u00f3w wody firmy SodaStream. SDH Kinga, ul. Powstania Warszawskiego 12, 32-030 Warszawa.","breadcrumb":{"@id":"https:\/\/soda-wieliczka.pl\/#breadcrumb"},"inLanguage":"pl-PL","potentialAction":[{"@type":"ReadAction","target":["https:\/\/soda-wieliczka.pl\/"]}]},{"@type":"ImageObject","inLanguage":"pl-PL","@id":"https:\/\/soda-wieliczka.pl\/#primaryimage","url":"https:\/\/soda-wieliczka.pl\/wp-content\/uploads\/2025\/09\/sodastream.png","contentUrl":"https:\/\/soda-wieliczka.pl\/wp-content\/uploads\/2025\/09\/sodastream.png","width":825,"height":824},{"@type":"BreadcrumbList","@id":"https:\/\/soda-wieliczka.pl\/#breadcrumb","itemListElement":[{"@type":"ListItem","position":1,"name":"Strona g\u0142\u00f3wna","item":"https:\/\/soda-wieliczka.pl\/"},{"@type":"ListItem","position":2,"name":"Strona g\u0142\u00f3wna"}]},{"@type":"WebSite","@id":"https:\/\/soda-wieliczka.pl\/#website","url":"https:\/\/soda-wieliczka.pl\/","name":"Wymiana naboj\u00f3w SodaStream CO2 \u2013 r\u00f3\u017cowe i niebieskie naboje CO2","description":"Wymiana naboj&oacute;w SodaStream CO2 &ndash; r&oacute;\u017cowe i niebieskie naboje do saturator&oacute;w firmy SodaStream","publisher":{"@id":"https:\/\/soda-wieliczka.pl\/#organization"},"alternateName":"Soda Wieliczka - wymiana naboj\u00f3w CO2","potentialAction":[{"@type":"SearchAction","target":{"@type":"EntryPoint","urlTemplate":"https:\/\/soda-wieliczka.pl\/?s={search_term_string}"},"query-input":{"@type":"PropertyValueSpecification","valueRequired":true,"valueName":"search_term_string"}}],"inLanguage":"pl-PL"},{"@type":"Organization","@id":"https:\/\/soda-wieliczka.pl\/#organization","name":"Wymiana naboj\u00f3w SodaStream CO2 \u2013 r\u00f3\u017cowe i niebieskie naboje CO2","alternateName":"Soda Wieliczka - wymiana naboj\u00f3w CO2","url":"https:\/\/soda-wieliczka.pl\/","logo":{"@type":"ImageObject","inLanguage":"pl-PL","@id":"https:\/\/soda-wieliczka.pl\/#\/schema\/logo\/image\/","url":"https:\/\/soda-wieliczka.pl\/wp-content\/uploads\/2025\/09\/soda-wieliczka-blue.svg","contentUrl":"https:\/\/soda-wieliczka.pl\/wp-content\/uploads\/2025\/09\/soda-wieliczka-blue.svg","width":288,"height":33,"caption":"Wymiana naboj\u00f3w SodaStream CO2 \u2013 r\u00f3\u017cowe i niebieskie naboje CO2"},"image":{"@id":"https:\/\/soda-wieliczka.pl\/#\/schema\/logo\/image\/"}}]}},"_links":{"self":[{"href":"https:\/\/soda-wieliczka.pl\/index.php?rest_route=\/wp\/v2\/pages\/565","targetHints":{"allow":["GET"]}}],"collection":[{"href":"https:\/\/soda-wieliczka.pl\/index.php?rest_route=\/wp\/v2\/pages"}],"about":[{"href":"https:\/\/soda-wieliczka.pl\/index.php?rest_route=\/wp\/v2\/types\/page"}],"author":[{"embeddable":true,"href":"https:\/\/soda-wieliczka.pl\/index.php?rest_route=\/wp\/v2\/users\/1"}],"replies":[{"embeddable":true,"href":"https:\/\/soda-wieliczka.pl\/index.php?rest_route=%2Fwp%2Fv2%2Fcomments&post=565"}],"version-history":[{"count":104,"href":"https:\/\/soda-wieliczka.pl\/index.php?rest_route=\/wp\/v2\/pages\/565\/revisions"}],"predecessor-version":[{"id":1608,"href":"https:\/\/soda-wieliczka.pl\/index.php?rest_route=\/wp\/v2\/pages\/565\/revisions\/1608"}],"wp:attachment":[{"href":"https:\/\/soda-wieliczka.pl\/index.php?rest_route=%2Fwp%2Fv2%2Fmedia&parent=565"}],"curies":[{"name":"wp","href":"https:\/\/api.w.org\/{rel}","templated":true}]}}